{"id":434,"date":"2023-10-09T11:27:30","date_gmt":"2023-10-09T09:27:30","guid":{"rendered":"https:\/\/studiomomo.net\/?page_id=434"},"modified":"2024-02-14T09:51:24","modified_gmt":"2024-02-14T08:51:24","slug":"color-palette","status":"publish","type":"page","link":"https:\/\/studiomomo.net\/index.php\/color-palette\/","title":{"rendered":"Color palette"},"content":{"rendered":"\n<p class=\"has-large-font-size\"><em><strong>Nuove palette in arrivo!<\/strong><\/em><\/p>\n\n\n\n<p class=\"has-medium-font-size\"><strong>I mandala di ciascuna card sono disegnati e dipinti a mano. <\/strong><\/p>\n\n\n\n<p class=\"has-medium-font-size\"><strong>Sono disponibili per essere stampati su canvas e tessuto. Desideri personalizzarli? <\/strong><\/p>\n\n\n\n<div class=\"wp-block-buttons is-layout-flex wp-block-buttons-is-layout-flex\">\n<div class=\"wp-block-button has-custom-width wp-block-button__width-50 is-style-outline is-style-outline--1\"><a class=\"wp-block-button__link wp-element-button\" href=\"https:\/\/studiomomo.net\/index.php\/153-2\/\">Contattami! <\/a><\/div>\n<\/div>\n\n\n\n<p><\/p>\n\n\n\n<div class=\"wp-block-columns is-layout-flex wp-container-core-columns-is-layout-9d6595d7 wp-block-columns-is-layout-flex\">\n<div class=\"wp-block-column is-layout-flow wp-block-column-is-layout-flow\">\n<details class=\"wp-block-details has-background has-medium-font-size is-layout-flow wp-block-details-is-layout-flow\" style=\"background-color:#dfe1df;font-style:italic;font-weight:600\"><summary>MOOD<\/summary>\n<ul class=\"wp-block-list\">\n<li>timeless<\/li>\n\n\n\n<li>pleasant<\/li>\n\n\n\n<li>spicy<\/li>\n\n\n\n<li>old school charm<\/li>\n\n\n\n<li>chillout<\/li>\n\n\n\n<li>abundance<\/li>\n\n\n\n<li>urban<\/li>\n\n\n\n<li>evocative<\/li>\n\n\n\n<li>conceptual<\/li>\n\n\n\n<li>sporty<\/li>\n\n\n\n<li>tropical<\/li>\n\n\n\n<li>polished<\/li>\n\n\n\n<li>fiery<\/li>\n\n\n\n<li>comfort<\/li>\n\n\n\n<li>nature<\/li>\n\n\n\n<li>skin<\/li>\n\n\n\n<li>ethereal<\/li>\n\n\n\n<li>carismatic<\/li>\n\n\n\n<li>soothing<\/li>\n\n\n\n<li>elegant<\/li>\n\n\n\n<li>romantic<\/li>\n\n\n\n<li>mystic<\/li>\n\n\n\n<li>glam<\/li>\n<\/ul>\n<\/details>\n<\/div>\n\n\n\n<div class=\"wp-block-column is-layout-flow wp-block-column-is-layout-flow\">\n<details class=\"wp-block-details has-background has-medium-font-size is-layout-flow wp-block-details-is-layout-flow\" style=\"background-color:#dfe1df;font-style:italic;font-weight:600\"><summary>STYLE<\/summary>\n<ul class=\"wp-block-list\">\n<li>classic<\/li>\n\n\n\n<li>minimal<\/li>\n\n\n\n<li>romantic<\/li>\n\n\n\n<li>bonton<\/li>\n\n\n\n<li>street<\/li>\n\n\n\n<li>boho<\/li>\n\n\n\n<li>folk<\/li>\n\n\n\n<li>chanel<\/li>\n\n\n\n<li>english<\/li>\n\n\n\n<li>masculine women<\/li>\n\n\n\n<li>militare<\/li>\n\n\n\n<li>casual<\/li>\n\n\n\n<li>sensuale<\/li>\n\n\n\n<li>rock<\/li>\n\n\n\n<li>punk<\/li>\n\n\n\n<li>etnico<\/li>\n\n\n\n<li>vintage<\/li>\n<\/ul>\n<\/details>\n<\/div>\n\n\n\n<div class=\"wp-block-column is-layout-flow wp-block-column-is-layout-flow\">\n<details class=\"wp-block-details has-background has-medium-font-size is-layout-flow wp-block-details-is-layout-flow\" style=\"background-color:#dfe1df;font-style:italic;font-weight:600\"><summary>HOW TO USE<\/summary>\n<ul class=\"wp-block-list\">\n<li>wedding<\/li>\n\n\n\n<li>black tie<\/li>\n\n\n\n<li>cocktail<\/li>\n\n\n\n<li>brunch<\/li>\n\n\n\n<li>vernissage<\/li>\n\n\n\n<li>gym<\/li>\n\n\n\n<li>beach<\/li>\n\n\n\n<li>office<\/li>\n\n\n\n<li>party<\/li>\n\n\n\n<li>daytime<\/li>\n\n\n\n<li>informal<\/li>\n<\/ul>\n<\/details>\n<\/div>\n\n\n\n<div class=\"wp-block-column is-layout-flow wp-block-column-is-layout-flow\">\n<details class=\"wp-block-details has-background has-medium-font-size is-layout-flow wp-block-details-is-layout-flow\" style=\"background-color:#dfe1df;font-style:italic;font-weight:600\"><summary>INT. DESIGN<\/summary>\n<ul class=\"wp-block-list\">\n<li>minimalist<\/li>\n\n\n\n<li>contemporary<\/li>\n\n\n\n<li>industrial<\/li>\n\n\n\n<li>traditional<\/li>\n\n\n\n<li>transitional<\/li>\n\n\n\n<li>rustic<\/li>\n\n\n\n<li>farmhouse modern<\/li>\n\n\n\n<li>french country<\/li>\n\n\n\n<li>shabby chic<\/li>\n\n\n\n<li>coastal<\/li>\n\n\n\n<li>hl regency<\/li>\n\n\n\n<li>scandinavian<\/li>\n\n\n\n<li>urban modern<\/li>\n\n\n\n<li>boho<\/li>\n\n\n\n<li>mid-century<\/li>\n\n\n\n<li>eclectic<\/li>\n\n\n\n<li>modern country<\/li>\n\n\n\n<li>art deco<\/li>\n\n\n\n<li>asian zen<\/li>\n<\/ul>\n<\/details>\n<\/div>\n<\/div>\n\n\n\n<div class=\"wp-block-media-text is-stacked-on-mobile\" style=\"grid-template-columns:55% auto\"><figure class=\"wp-block-media-text__media\"><img loading=\"lazy\" decoding=\"async\" width=\"1024\" height=\"578\" src=\"https:\/\/studiomomo.net\/wp-content\/uploads\/2023\/10\/01-1-1024x578.jpg\" alt=\"\" class=\"wp-image-436 size-full\" srcset=\"https:\/\/studiomomo.net\/wp-content\/uploads\/2023\/10\/01-1-1024x578.jpg 1024w, https:\/\/studiomomo.net\/wp-content\/uploads\/2023\/10\/01-1-300x169.jpg 300w, https:\/\/studiomomo.net\/wp-content\/uploads\/2023\/10\/01-1-768x433.jpg 768w, https:\/\/studiomomo.net\/wp-content\/uploads\/2023\/10\/01-1-1536x866.jpg 1536w, https:\/\/studiomomo.net\/wp-content\/uploads\/2023\/10\/01-1.jpg 1773w\" sizes=\"auto, (max-width: 1024px) 100vw, 1024px\" \/><\/figure><div class=\"wp-block-media-text__content\">\n<p>Palette dai toni verde-blu vibranti, ricchi di vitalit\u00e0 ed energia, da dosare con sapienza in piccole quantit\u00e0 e ben abbinati a nuance pi\u00f9 tranquille e sobrie, come il marrone e il giallo smorzato. Il tocco di classe si raggiunge con gli accenti dorati dal sicuro effetto glam.<\/p>\n<\/div><\/div>\n\n\n\n<p><\/p>\n\n\n\n<div class=\"wp-block-media-text has-media-on-the-right is-stacked-on-mobile\"><div class=\"wp-block-media-text__content\">\n<p>Colori che ricordano le atmosfere misteriose di <em>&#8216;Miami Vice&#8217;<\/em> e che mettono d&#8217;accordo i toni medio-scuri di grigio, tipici dell&#8217;ambiente professionale, e le diverse sfumature di viola, pi\u00f9 consone ad un abbigliamento da cocktail con vista tramonto mozzafiato.<\/p>\n<\/div><figure class=\"wp-block-media-text__media\"><img loading=\"lazy\" decoding=\"async\" width=\"1024\" height=\"578\" src=\"https:\/\/studiomomo.net\/wp-content\/uploads\/2024\/02\/ok_02-1024x578.jpg\" alt=\"\" class=\"wp-image-592 size-full\" srcset=\"https:\/\/studiomomo.net\/wp-content\/uploads\/2024\/02\/ok_02-1024x578.jpg 1024w, https:\/\/studiomomo.net\/wp-content\/uploads\/2024\/02\/ok_02-300x169.jpg 300w, https:\/\/studiomomo.net\/wp-content\/uploads\/2024\/02\/ok_02-768x433.jpg 768w, https:\/\/studiomomo.net\/wp-content\/uploads\/2024\/02\/ok_02-1536x866.jpg 1536w, https:\/\/studiomomo.net\/wp-content\/uploads\/2024\/02\/ok_02.jpg 1773w\" sizes=\"auto, (max-width: 1024px) 100vw, 1024px\" \/><\/figure><\/div>\n\n\n\n<p><\/p>\n\n\n\n<div class=\"wp-block-media-text is-stacked-on-mobile\"><figure class=\"wp-block-media-text__media\"><img loading=\"lazy\" decoding=\"async\" width=\"1024\" height=\"578\" src=\"https:\/\/studiomomo.net\/wp-content\/uploads\/2024\/02\/ok_04-1024x578.jpg\" alt=\"\" class=\"wp-image-593 size-full\" srcset=\"https:\/\/studiomomo.net\/wp-content\/uploads\/2024\/02\/ok_04-1024x578.jpg 1024w, https:\/\/studiomomo.net\/wp-content\/uploads\/2024\/02\/ok_04-300x169.jpg 300w, https:\/\/studiomomo.net\/wp-content\/uploads\/2024\/02\/ok_04-768x433.jpg 768w, https:\/\/studiomomo.net\/wp-content\/uploads\/2024\/02\/ok_04-1536x866.jpg 1536w, https:\/\/studiomomo.net\/wp-content\/uploads\/2024\/02\/ok_04.jpg 1773w\" sizes=\"auto, (max-width: 1024px) 100vw, 1024px\" \/><\/figure><div class=\"wp-block-media-text__content\">\n<p>Una palette che grida <em>&#8216;California here we are<\/em>&#8216; con ogni colore di cui \u00e8 composta. I blu profondi del mare, i verde-blu dell&#8217;acqua cristallina, il giallo del sole: tutti colori decisamente energici che fanno venire voglia di spiaggia e surf ad ogni ora del giorno.<\/p>\n<\/div><\/div>\n\n\n\n<p><\/p>\n\n\n\n<div class=\"wp-block-media-text has-media-on-the-right is-stacked-on-mobile\"><div class=\"wp-block-media-text__content\">\n<p>Schema monocromatico ispirato alla natura, che ricorda il sottobosco amazzonico e le sue infinite tonalit\u00e0 di verde. Questi colori si abbinano alla perfezione con i grigi freddi e sono perfetti come tocchi d&#8217;accento in un look formale che non passa inosservato.<\/p>\n<\/div><figure class=\"wp-block-media-text__media\"><img loading=\"lazy\" decoding=\"async\" width=\"1024\" height=\"578\" src=\"https:\/\/studiomomo.net\/wp-content\/uploads\/2024\/02\/ok_11-1024x578.jpg\" alt=\"\" class=\"wp-image-603 size-full\" srcset=\"https:\/\/studiomomo.net\/wp-content\/uploads\/2024\/02\/ok_11-1024x578.jpg 1024w, https:\/\/studiomomo.net\/wp-content\/uploads\/2024\/02\/ok_11-300x169.jpg 300w, https:\/\/studiomomo.net\/wp-content\/uploads\/2024\/02\/ok_11-768x433.jpg 768w, https:\/\/studiomomo.net\/wp-content\/uploads\/2024\/02\/ok_11-1536x866.jpg 1536w, https:\/\/studiomomo.net\/wp-content\/uploads\/2024\/02\/ok_11.jpg 1773w\" sizes=\"auto, (max-width: 1024px) 100vw, 1024px\" \/><\/figure><\/div>\n","protected":false},"excerpt":{"rendered":"<p>Nuove palette in arrivo! I mandala di ciascuna card sono disegnati e dipinti a mano. Sono disponibili per essere stampati su canvas e tessuto. Desideri personalizzarli? Palette dai toni verde-blu vibranti, ricchi di vitalit\u00e0 ed energia, da dosare con sapienza in piccole quantit\u00e0 e ben abbinati a nuance pi\u00f9 tranquille e sobrie, come il marrone &#8230; <a title=\"Color palette\" class=\"read-more\" href=\"https:\/\/studiomomo.net\/index.php\/color-palette\/\" aria-label=\"Read more about Color palette\">Read more<\/a><\/p>\n","protected":false},"author":1,"featured_media":0,"parent":0,"menu_order":0,"comment_status":"closed","ping_status":"closed","template":"","meta":{"om_disable_all_campaigns":false,"_monsterinsights_skip_tracking":false,"_monsterinsights_sitenote_active":false,"_monsterinsights_sitenote_note":"","_monsterinsights_sitenote_category":0,"footnotes":""},"class_list":["post-434","page","type-page","status-publish"],"aioseo_notices":[],"_links":{"self":[{"href":"https:\/\/studiomomo.net\/index.php\/wp-json\/wp\/v2\/pages\/434","targetHints":{"allow":["GET"]}}],"collection":[{"href":"https:\/\/studiomomo.net\/index.php\/wp-json\/wp\/v2\/pages"}],"about":[{"href":"https:\/\/studiomomo.net\/index.php\/wp-json\/wp\/v2\/types\/page"}],"author":[{"embeddable":true,"href":"https:\/\/studiomomo.net\/index.php\/wp-json\/wp\/v2\/users\/1"}],"replies":[{"embeddable":true,"href":"https:\/\/studiomomo.net\/index.php\/wp-json\/wp\/v2\/comments?post=434"}],"version-history":[{"count":20,"href":"https:\/\/studiomomo.net\/index.php\/wp-json\/wp\/v2\/pages\/434\/revisions"}],"predecessor-version":[{"id":608,"href":"https:\/\/studiomomo.net\/index.php\/wp-json\/wp\/v2\/pages\/434\/revisions\/608"}],"wp:attachment":[{"href":"https:\/\/studiomomo.net\/index.php\/wp-json\/wp\/v2\/media?parent=434"}],"curies":[{"name":"wp","href":"https:\/\/api.w.org\/{rel}","templated":true}]}}