{"id":386,"date":"2023-10-05T15:47:09","date_gmt":"2023-10-05T13:47:09","guid":{"rendered":"https:\/\/studiomomo.net\/?page_id=386"},"modified":"2025-07-11T16:19:25","modified_gmt":"2025-07-11T14:19:25","slug":"about-me","status":"publish","type":"page","link":"https:\/\/studiomomo.net\/index.php\/about-me\/","title":{"rendered":"About me"},"content":{"rendered":"\n<p class=\"has-medium-font-size\" style=\"font-style:italic;font-weight:700\">Una pagina <em>about <\/em>alternativa: interview mode ON &#8211; sproloquio OFF.<\/p>\n\n\n\n<p><\/p>\n\n\n\n<details class=\"wp-block-details has-text-color has-medium-font-size is-layout-flow wp-block-details-is-layout-flow\" style=\"color:#006f79;font-style:italic;font-weight:500\"><summary>What do you do?<\/summary>\n<p>Uso il colore per creare armonia ed equilibrio. Ogni dipinto, ogni sketch, ogni progetto \u00e8 pensato, nulla \u00e8 lasciato al caso. Il caos visivo creato con la fluid art sembra giocare con l&#8217;irrazionalit\u00e0, quando in realt\u00e0 rivela un ordine ben definito. La teoria del colore \u00e8 alla base delle mie scelte cromatiche, anche quando si tratta di ink sketches, canvas di anatomia artistica e progetti su commissione. Cerco un filo conduttore tra tutti gli aspetti da considerare, progetto un mood capace di rendere il messaggio che voglio trasmettere e mi sintonizzo sulle richieste dei clienti, cercando di soddisfarle. <\/p>\n<\/details>\n\n\n\n<p><\/p>\n\n\n\n<details class=\"wp-block-details has-text-color has-medium-font-size is-layout-flow wp-block-details-is-layout-flow\" style=\"color:#9e7498;font-style:italic;font-weight:500\"><summary>Do you love what you do?<\/summary>\n<p>Adoro ci\u00f2 che faccio, mi d\u00e0 la possibilit\u00e0 di comunicare in modo pi\u00f9 efficace rispetto alle parole. <\/p>\n<\/details>\n\n\n\n<p><\/p>\n\n\n\n<details class=\"wp-block-details has-text-color has-medium-font-size is-layout-flow wp-block-details-is-layout-flow\" style=\"color:#006f79;font-style:italic;font-weight:500\"><summary>Your customers are&#8230;<\/summary>\n<p>Sono degli amanti della bellezza. Adorano l&#8217;attenzione ai dettagli tanto quanto la visione d&#8217;impatto.<\/p>\n<\/details>\n\n\n\n<p><\/p>\n\n\n\n<details class=\"wp-block-details has-text-color has-medium-font-size is-layout-flow wp-block-details-is-layout-flow\" style=\"color:#9e7498;font-style:italic;font-weight:500\"><summary>Why sholud I get in touch with you?<\/summary>\n<p>Studio Momo \u00e8 una realt\u00e0 nuova, in crescita, ricca di entusiasmo e di idee &#8216;out of the box&#8217;. Se desideri un approccio &#8216;su misura&#8217;, che metta te e i tuoi desideri al primo posto, l&#8217;unica cosa che puoi fare \u00e8 <a href=\"https:\/\/studiomomo.net\/index.php\/153-2\/\" title=\"contattarmi\"><strong>contattarmi<\/strong><\/a>. <\/p>\n<\/details>\n\n\n\n<p><\/p>\n\n\n\n<details class=\"wp-block-details has-text-color has-medium-font-size is-layout-flow wp-block-details-is-layout-flow\" style=\"color:#006f79;font-style:italic;font-weight:500\"><summary>What&#8217;s your plan?<\/summary>\n<p>Diffondere bellezza, se rimaniamo sul concettuale. Creare &#8216;luoghi&#8217; in cui stare bene con se stessi, se scendiamo nel pratico. Uno degli obiettivi \u00e8 integrare pittura e tessuto, creare stampe originali per l&#8217;abbigliamento: questa \u00e8 la &#8216;versione pro&#8217; di Studio Momo.<\/p>\n<\/details>\n\n\n\n<p><\/p>\n\n\n\n<details class=\"wp-block-details has-text-color has-medium-font-size is-layout-flow wp-block-details-is-layout-flow\" style=\"color:#9e7498;font-style:italic;font-weight:500\"><summary>Why do you write both in Italian and English?<\/summary>\n<p>Certi concetti risultano pi\u00f9 comprensibili in inglese, altri \u00e8 bello scriverli e leggerli in italiano, ma soprattutto&#8230; \u00e8 divertente.<\/p>\n<\/details>\n","protected":false},"excerpt":{"rendered":"<p>Una pagina about alternativa: interview mode ON &#8211; sproloquio OFF.<\/p>\n","protected":false},"author":1,"featured_media":0,"parent":0,"menu_order":0,"comment_status":"closed","ping_status":"closed","template":"","meta":{"om_disable_all_campaigns":false,"_monsterinsights_skip_tracking":false,"_monsterinsights_sitenote_active":false,"_monsterinsights_sitenote_note":"","_monsterinsights_sitenote_category":0,"footnotes":""},"class_list":["post-386","page","type-page","status-publish"],"aioseo_notices":[],"_links":{"self":[{"href":"https:\/\/studiomomo.net\/index.php\/wp-json\/wp\/v2\/pages\/386","targetHints":{"allow":["GET"]}}],"collection":[{"href":"https:\/\/studiomomo.net\/index.php\/wp-json\/wp\/v2\/pages"}],"about":[{"href":"https:\/\/studiomomo.net\/index.php\/wp-json\/wp\/v2\/types\/page"}],"author":[{"embeddable":true,"href":"https:\/\/studiomomo.net\/index.php\/wp-json\/wp\/v2\/users\/1"}],"replies":[{"embeddable":true,"href":"https:\/\/studiomomo.net\/index.php\/wp-json\/wp\/v2\/comments?post=386"}],"version-history":[{"count":12,"href":"https:\/\/studiomomo.net\/index.php\/wp-json\/wp\/v2\/pages\/386\/revisions"}],"predecessor-version":[{"id":739,"href":"https:\/\/studiomomo.net\/index.php\/wp-json\/wp\/v2\/pages\/386\/revisions\/739"}],"wp:attachment":[{"href":"https:\/\/studiomomo.net\/index.php\/wp-json\/wp\/v2\/media?parent=386"}],"curies":[{"name":"wp","href":"https:\/\/api.w.org\/{rel}","templated":true}]}}