{"id":231,"date":"2023-08-25T17:04:02","date_gmt":"2023-08-25T15:04:02","guid":{"rendered":"https:\/\/studiomomo.net\/?page_id=231"},"modified":"2025-07-11T16:25:41","modified_gmt":"2025-07-11T14:25:41","slug":"eventi","status":"publish","type":"page","link":"https:\/\/studiomomo.net\/index.php\/eventi\/","title":{"rendered":"Eventi"},"content":{"rendered":"\n<p><\/p>\n\n\n\n<h2 class=\"wp-block-heading has-text-align-center\">ESCAPING ROOMS<\/h2>\n\n\n\n<p class=\"has-text-align-center\">Vernissage 12.07.2025<\/p>\n\n\n\n<p class=\"has-text-align-center\">Inchiostri in esposizione<\/p>\n\n\n\n<p class=\"has-text-align-center\">SANE&#8217; &#8211; Sala da t\u00e8 e negozio &#8211; via Madonna 152, Bovolone, VR<\/p>\n\n\n\n<hr class=\"wp-block-separator has-alpha-channel-opacity\"\/>\n\n\n<div class=\"wp-block-image\">\n<figure class=\"aligncenter size-full is-resized\"><img loading=\"lazy\" decoding=\"async\" width=\"818\" height=\"361\" src=\"https:\/\/studiomomo.net\/wp-content\/uploads\/2024\/06\/invitation-expo-specialty-Copia.jpg\" alt=\"\" class=\"wp-image-616\" style=\"width:423px;height:auto\" srcset=\"https:\/\/studiomomo.net\/wp-content\/uploads\/2024\/06\/invitation-expo-specialty-Copia.jpg 818w, https:\/\/studiomomo.net\/wp-content\/uploads\/2024\/06\/invitation-expo-specialty-Copia-300x132.jpg 300w, https:\/\/studiomomo.net\/wp-content\/uploads\/2024\/06\/invitation-expo-specialty-Copia-768x339.jpg 768w\" sizes=\"auto, (max-width: 818px) 100vw, 818px\" \/><\/figure><\/div>\n\n\n<h2 class=\"wp-block-heading has-text-align-center has-text-color has-link-color has-x-large-font-size wp-elements-21bfa4a05609d8a3a33712e84ca21132\" style=\"color:#66a4a9\"><strong>22 giugno 2024 ore 17.00<\/strong><\/h2>\n\n\n\n<h2 class=\"wp-block-heading has-text-align-center has-large-font-size\" style=\"font-style:italic;font-weight:600\">Specialty &#8211; sala da t\u00e8 e caff\u00e8<\/h2>\n\n\n\n<h2 class=\"wp-block-heading has-text-align-center has-large-font-size\" style=\"font-style:italic;font-weight:600\">via Madonna 152, Bovolone VR<\/h2>\n\n\n\n<hr class=\"wp-block-separator has-alpha-channel-opacity\"\/>\n\n\n<div class=\"wp-block-image is-style-default\">\n<figure class=\"aligncenter size-full is-resized\"><img loading=\"lazy\" decoding=\"async\" width=\"1004\" height=\"650\" src=\"https:\/\/studiomomo.net\/wp-content\/uploads\/2024\/06\/card-mostra-luglio-2024.jpg\" alt=\"\" class=\"wp-image-628\" style=\"width:652px;height:auto\" srcset=\"https:\/\/studiomomo.net\/wp-content\/uploads\/2024\/06\/card-mostra-luglio-2024.jpg 1004w, https:\/\/studiomomo.net\/wp-content\/uploads\/2024\/06\/card-mostra-luglio-2024-300x194.jpg 300w, https:\/\/studiomomo.net\/wp-content\/uploads\/2024\/06\/card-mostra-luglio-2024-768x497.jpg 768w\" sizes=\"auto, (max-width: 1004px) 100vw, 1004px\" \/><\/figure><\/div>\n\n\n<p class=\"has-text-align-center has-text-color has-link-color has-large-font-size wp-elements-6a73210295c278a93e6ede945d9dc96c\" style=\"color:#006f79;font-style:italic;font-weight:800\">Stay tuned for upcoming details!<\/p>\n\n\n\n<hr class=\"wp-block-separator has-alpha-channel-opacity\"\/>\n\n\n\n<p class=\"has-text-align-left has-medium-font-size\">Novembre 2023<\/p>\n\n\n\n<div class=\"wp-block-group is-vertical is-content-justification-left is-layout-flex wp-container-core-group-is-layout-c0ca7d81 wp-block-group-is-layout-flex\">\n<p class=\"has-text-align-left has-large-font-size\"><strong>TRATTORIA AI PILOTI<\/strong><\/p>\n\n\n\n<p class=\"has-text-align-left has-medium-font-size\">Piazza San Zeno 22\/24<\/p>\n\n\n\n<p class=\"has-text-align-left has-medium-font-size\">37123 Verona<\/p>\n\n\n\n<p class=\"has-text-align-left\"><strong>trattoriapiloti@gmail.com<\/strong><\/p>\n<\/div>\n","protected":false},"excerpt":{"rendered":"<p>ESCAPING ROOMS Vernissage 12.07.2025 Inchiostri in esposizione SANE&#8217; &#8211; Sala da t\u00e8 e negozio &#8211; via Madonna 152, Bovolone, VR 22 giugno 2024 ore 17.00 Specialty &#8211; sala da t\u00e8 e caff\u00e8 via Madonna 152, Bovolone VR Stay tuned for upcoming details! Novembre 2023 TRATTORIA AI PILOTI Piazza San Zeno 22\/24 37123 Verona trattoriapiloti@gmail.com<\/p>\n","protected":false},"author":1,"featured_media":0,"parent":0,"menu_order":0,"comment_status":"closed","ping_status":"closed","template":"","meta":{"om_disable_all_campaigns":false,"_monsterinsights_skip_tracking":false,"_monsterinsights_sitenote_active":false,"_monsterinsights_sitenote_note":"","_monsterinsights_sitenote_category":0,"footnotes":""},"class_list":["post-231","page","type-page","status-publish"],"aioseo_notices":[],"_links":{"self":[{"href":"https:\/\/studiomomo.net\/index.php\/wp-json\/wp\/v2\/pages\/231","targetHints":{"allow":["GET"]}}],"collection":[{"href":"https:\/\/studiomomo.net\/index.php\/wp-json\/wp\/v2\/pages"}],"about":[{"href":"https:\/\/studiomomo.net\/index.php\/wp-json\/wp\/v2\/types\/page"}],"author":[{"embeddable":true,"href":"https:\/\/studiomomo.net\/index.php\/wp-json\/wp\/v2\/users\/1"}],"replies":[{"embeddable":true,"href":"https:\/\/studiomomo.net\/index.php\/wp-json\/wp\/v2\/comments?post=231"}],"version-history":[{"count":26,"href":"https:\/\/studiomomo.net\/index.php\/wp-json\/wp\/v2\/pages\/231\/revisions"}],"predecessor-version":[{"id":745,"href":"https:\/\/studiomomo.net\/index.php\/wp-json\/wp\/v2\/pages\/231\/revisions\/745"}],"wp:attachment":[{"href":"https:\/\/studiomomo.net\/index.php\/wp-json\/wp\/v2\/media?parent=231"}],"curies":[{"name":"wp","href":"https:\/\/api.w.org\/{rel}","templated":true}]}}